{"id":7,"date":"2024-06-14T17:44:51","date_gmt":"2024-06-14T15:44:51","guid":{"rendered":"https:\/\/zamestnanec.sos-gs.cz\/index.php\/one-page-express\/"},"modified":"2026-01-08T15:01:08","modified_gmt":"2026-01-08T14:01:08","slug":"one-page-express","status":"publish","type":"page","link":"https:\/\/zamestnanec.sos-gs.cz\/","title":{"rendered":"Front Page"},"content":{"rendered":"<div  data-label=\"Aplikace\" data-id=\"portfolio-cards-section\" data-category=\"portfolio\" class=\"portfolio-cards-section\" id=\"aplikace\" style=\"background-color: rgb(246, 246, 246);\"> <div  class=\"\"> <div  class=\"portfolio-cards-textcol dynamic-color\" data-type=\"column\"> <h2  class=\"\">\u0160koln\u00ed aplikace<\/h2>  <\/div> <div  class=\"portfolio-cards-projectsro dark-text\" data-type=\"row\"> <div  class=\"portfolio-cards-projectcol cp6cols-tablet cp2cols\"> <div  class=\"portfolio-cards-projectcard\"> <div  class=\"contentswap-effect ContentSwap104\" hover-fx=\"ContentSwap104\" id=\"ContentSwap104\" is-hovered=\"0\"> <div  class=\"ContentSwap104_content initial-image\"><img  decoding=\"async\" class=\"portfolio-cards-projectimg\" data-size=\"1200x800\" src=\"https:\/\/zamestnanec.sos-gs.cz\/wp-content\/uploads\/2024\/06\/cropped-Ikony-1.png\"> <\/div> <div  class=\"overlay\" style=\"display: block; opacity: 1;\"><\/div> <div  class=\"swap-inner\" style=\"opacity: 1; display: block;\"> <div  class=\"ContentSwap104-center\"> <a  href=\"https:\/\/sos-gs.bakalari.cz\" target=\"_blank\" rel=\"noopener\" class=\"\"><i  data-cp-fa=\"true\" class=\"portfolio-card-icon fa fa-mouse-pointer\"><\/i><\/a> <\/div> <\/div> <\/div> <div  class=\"portfolio-cards-projectinfo\"> <div  class=\"portfolio-cards-projnamecol\" data-type=\"column\"> <a  href=\"https:\/\/sos-gs.bakalari.cz\" class=\"portfolio-cards-projlink\" target=\"_blank\" rel=\"noopener\"><h4  class=\"portfolio-cards-projtitle\">Bakal\u00e1\u0159i \u2013 webov\u00e1 aplikace<\/h4><\/a> <\/div> <\/div> <\/div> <\/div> <div  class=\"portfolio-cards-projectcol cp6cols-tablet cp2cols\"> <div  class=\"portfolio-cards-projectcard\"> <div  class=\"contentswap-effect ContentSwap104\" hover-fx=\"ContentSwap104\" id=\"ContentSwap104\" is-hovered=\"1\"> <div  class=\"ContentSwap104_content initial-image\"><img  decoding=\"async\" class=\"portfolio-cards-projectimg\" data-size=\"1200x800\" src=\"https:\/\/zamestnanec.sos-gs.cz\/wp-content\/uploads\/2024\/06\/cropped-Ikony-5.png\"> <\/div> <div  class=\"overlay\" style=\"display: block; opacity: 1;\"><\/div> <div  class=\"swap-inner\" style=\"opacity: 1; display: block;\"> <div  class=\"ContentSwap104-center\"> <a  href=\"https:\/\/outlook.office.com\" target=\"_blank\" rel=\"noopener\" class=\"\"><i  data-cp-fa=\"true\" class=\"portfolio-card-icon fa fa-mouse-pointer\"><\/i><\/a> <\/div> <\/div> <\/div> <div  class=\"portfolio-cards-projectinfo\"> <div  class=\"portfolio-cards-projnamecol\" data-type=\"column\"> <a  href=\"https:\/\/outlook.office.com\" class=\"portfolio-cards-projlink\" target=\"_blank\" rel=\"noopener\"><h4  class=\"portfolio-cards-projtitle\">Outlook \u2013 \u0161koln\u00ed e-mail<\/h4><\/a> <\/div> <\/div> <\/div> <\/div> <div  class=\"portfolio-cards-projectcol cp6cols-tablet cp2cols\"> <div  class=\"portfolio-cards-projectcard\"> <div  class=\"contentswap-effect ContentSwap104\" hover-fx=\"ContentSwap104\" id=\"ContentSwap104\" is-hovered=\"1\"> <div  class=\"ContentSwap104_content initial-image\"><img  decoding=\"async\" class=\"portfolio-cards-projectimg\" data-size=\"1200x800\" src=\"https:\/\/zamestnanec.sos-gs.cz\/wp-content\/uploads\/2024\/06\/cropped-Ikony-2.png\"> <\/div> <div  class=\"overlay\" style=\"display: block; opacity: 1;\"><\/div> <div  class=\"swap-inner\" style=\"opacity: 1; display: block;\"> <div  class=\"ContentSwap104-center\"> <a  href=\"https:\/\/www.office.com\" target=\"_blank\" rel=\"noopener\" class=\"\"><i  data-cp-fa=\"true\" class=\"portfolio-card-icon fa fa-mouse-pointer\"><\/i><\/a> <\/div> <\/div> <\/div> <div  class=\"portfolio-cards-projectinfo\"> <div  class=\"portfolio-cards-projnamecol\" data-type=\"column\"> <a  href=\"https:\/\/www.office.com\" class=\"portfolio-cards-projlink\" target=\"_blank\" rel=\"noopener\"><h4  class=\"portfolio-cards-projtitle\">Port\u00e1l Office 365<\/h4><\/a> <\/div> <\/div> <\/div> <\/div> <div  class=\"portfolio-cards-projectcol cp6cols-tablet cp2cols\"> <div  class=\"portfolio-cards-projectcard\"> <div  class=\"contentswap-effect ContentSwap104\" hover-fx=\"ContentSwap104\" id=\"ContentSwap104\" is-hovered=\"1\"> <div  class=\"ContentSwap104_content initial-image\"><img  decoding=\"async\" class=\"portfolio-cards-projectimg\" data-size=\"1200x800\" src=\"https:\/\/zamestnanec.sos-gs.cz\/wp-content\/uploads\/2024\/06\/cropped-Ikony-3.png\"> <\/div> <div  class=\"overlay\" style=\"display: block; opacity: 1;\"><\/div> <div  class=\"swap-inner\" style=\"opacity: 1; display: block;\"> <div  class=\"ContentSwap104-center\"> <a  href=\"https:\/\/teams.microsoft.com\/v2\" target=\"_blank\" rel=\"noopener\" class=\"\"><i  data-cp-fa=\"true\" class=\"portfolio-card-icon fa fa-mouse-pointer\"><\/i><\/a> <\/div> <\/div> <\/div> <div  class=\"portfolio-cards-projectinfo\"> <div  class=\"portfolio-cards-projnamecol\" data-type=\"column\"> <a  href=\"https:\/\/teams.microsoft.com\/v2\" class=\"portfolio-cards-projlink\" target=\"_blank\" rel=\"noopener\"><h4  class=\"portfolio-cards-projtitle\">Microsoft Teams<\/h4><\/a> <\/div> <\/div> <\/div> <\/div>   <div  class=\"portfolio-cards-projectcol cp6cols-tablet cp2cols\"> <div  class=\"portfolio-cards-projectcard\"> <div  class=\"contentswap-effect ContentSwap104\" hover-fx=\"ContentSwap104\" id=\"ContentSwap104\" is-hovered=\"0\"> <div  class=\"ContentSwap104_content initial-image\"><img  decoding=\"async\" class=\"portfolio-cards-projectimg\" data-size=\"1200x800\" src=\"http:\/\/zamestnanec.sos-gs.cz\/wp-content\/uploads\/2024\/06\/cropped-Ikony-7.png\"> <\/div> <div  class=\"overlay\" style=\"display: block; opacity: 1;\"><\/div> <div  class=\"swap-inner\" style=\"opacity: 1; display: block;\"> <div  class=\"ContentSwap104-center\"> <a  href=\"https:\/\/drive.google.com\" target=\"_blank\" rel=\"noopener\" class=\"\"><i  data-cp-fa=\"true\" class=\"portfolio-card-icon fa fa-mouse-pointer\"><\/i><\/a> <\/div> <\/div> <\/div> <div  class=\"portfolio-cards-projectinfo\"> <div  class=\"portfolio-cards-projnamecol\" data-type=\"column\"> <a  href=\"https:\/\/drive.google.com\" class=\"portfolio-cards-projlink\" target=\"_blank\" rel=\"noopener\"><h4  class=\"portfolio-cards-projtitle\">\u0160koln\u00ed Google disk<\/h4><\/a> <\/div> <\/div> <\/div> <\/div><div  class=\"portfolio-cards-projectcol cp6cols-tablet cp2cols\"> <div  class=\"portfolio-cards-projectcard\"> <div  class=\"contentswap-effect ContentSwap104\" hover-fx=\"ContentSwap104\" id=\"ContentSwap104\" is-hovered=\"0\"> <div  class=\"ContentSwap104_content initial-image\"><img  decoding=\"async\" class=\"portfolio-cards-projectimg\" data-size=\"1200x800\" src=\"https:\/\/zamestnanec.sos-gs.cz\/wp-content\/uploads\/2024\/06\/cropped-Ikony-6.png\"> <\/div> <div  class=\"overlay\" style=\"display: block; opacity: 1;\"><\/div> <div  class=\"swap-inner\" style=\"opacity: 1; display: block;\"> <div  class=\"ContentSwap104-center\"> <a  href=\"https:\/\/m365.cloud.microsoft\/chat\" target=\"_blank\" rel=\"noopener\" class=\"\"><i  data-cp-fa=\"true\" class=\"portfolio-card-icon fa fa-mouse-pointer\"><\/i><\/a> <\/div> <\/div> <\/div> <div  class=\"portfolio-cards-projectinfo\"> <div  class=\"portfolio-cards-projnamecol\" data-type=\"column\"> <a  href=\"https:\/\/m365.cloud.microsoft\/chat\" class=\"portfolio-cards-projlink\" target=\"_blank\" rel=\"noopener\"><h4  class=\"portfolio-cards-projtitle\">Copilot \u2013 um\u011bl\u00e1 inteligence<\/h4><\/a> <\/div> <\/div> <\/div> <\/div><div  class=\"portfolio-cards-projectcol cp6cols-tablet cp2cols\"> <div  class=\"portfolio-cards-projectcard\"> <div  class=\"contentswap-effect ContentSwap104\" hover-fx=\"ContentSwap104\" id=\"ContentSwap104\" is-hovered=\"0\"> <div  class=\"ContentSwap104_content initial-image\"><img  decoding=\"async\" class=\"portfolio-cards-projectimg\" data-size=\"1200x800\" src=\"https:\/\/zamestnanec.sos-gs.cz\/wp-content\/uploads\/2024\/06\/cropped-Ikony-9.png\"> <\/div> <div  class=\"overlay\" style=\"display: block; opacity: 1;\"><\/div> <div  class=\"swap-inner\" style=\"opacity: 1; display: block;\"> <div  class=\"ContentSwap104-center\"> <a  href=\"https:\/\/myq.sos-gs.cz:8890\/cs\" target=\"_blank\" rel=\"noopener\" class=\"\"><i  data-cp-fa=\"true\" class=\"portfolio-card-icon fa fa-mouse-pointer\"><\/i><\/a> <\/div> <\/div> <\/div> <div  class=\"portfolio-cards-projectinfo\"> <div  class=\"portfolio-cards-projnamecol\" data-type=\"column\"> <a  href=\"https:\/\/myq.sos-gs.cz:8890\/cs\" class=\"portfolio-cards-projlink\" target=\"_blank\" rel=\"noopener\"><h4  class=\"portfolio-cards-projtitle\">MyQ \u2013 dob\u00edjen\u00ed a p\u0159ehled tisku<\/h4><\/a> <\/div> <\/div> <\/div> <\/div><div  class=\"portfolio-cards-projectcol cp6cols-tablet cp2cols\"> <div  class=\"portfolio-cards-projectcard\"> <div  class=\"contentswap-effect ContentSwap104\" hover-fx=\"ContentSwap104\" id=\"ContentSwap104\" is-hovered=\"1\"> <div  class=\"ContentSwap104_content initial-image\"><img  decoding=\"async\" class=\"portfolio-cards-projectimg\" data-size=\"1200x800\" src=\"https:\/\/zamestnanec.sos-gs.cz\/wp-content\/uploads\/2024\/06\/cropped-Ikony-4.png\"> <\/div> <div  class=\"overlay\" style=\"display: block; opacity: 1;\"><\/div> <div  class=\"swap-inner\" style=\"opacity: 1; display: block;\"> <div  class=\"ContentSwap104-center\"> <a  href=\"https:\/\/zz.sos-gs.cz\" target=\"_blank\" rel=\"noopener\" class=\"\"><i  data-cp-fa=\"true\" class=\"portfolio-card-icon fa fa-mouse-pointer\"><\/i><\/a> <\/div> <\/div> <\/div> <div  class=\"portfolio-cards-projectinfo\"> <div  class=\"portfolio-cards-projnamecol\" data-type=\"column\"> <a  href=\"https:\/\/zz.sos-gs.cz\" class=\"portfolio-cards-projlink\" target=\"_blank\" rel=\"noopener\"><h4  class=\"portfolio-cards-projtitle\">Aplikace z\u00e1v\u011bre\u010dn\u00e9 zkou\u0161ky<\/h4><\/a> <\/div> <\/div> <\/div> <\/div><div  class=\"portfolio-cards-projectcol cp6cols-tablet cp2cols\"> <div  class=\"portfolio-cards-projectcard\"> <div  class=\"contentswap-effect ContentSwap104\" hover-fx=\"ContentSwap104\" id=\"ContentSwap104\" is-hovered=\"0\"> <div  class=\"ContentSwap104_content initial-image\"><img  decoding=\"async\" class=\"portfolio-cards-projectimg\" data-size=\"1200x800\" src=\"http:\/\/zamestnanec.sos-gs.cz\/wp-content\/uploads\/2024\/08\/cropped-Ikony-10.png\"> <\/div> <div  class=\"overlay\" style=\"display: block; opacity: 1;\"><\/div> <div  class=\"swap-inner\" style=\"opacity: 1; display: block;\"> <div  class=\"ContentSwap104-center\"> <a  href=\"http:\/\/www.screenmirrorapp.com\" target=\"_blank\" rel=\"noopener\" class=\"\"><i  data-cp-fa=\"true\" class=\"portfolio-card-icon fa fa-mouse-pointer\"><\/i><\/a> <\/div> <\/div> <\/div> <div  class=\"portfolio-cards-projectinfo\"> <div  class=\"portfolio-cards-projnamecol\" data-type=\"column\"> <a  href=\"http:\/\/www.screenmirrorapp.com\" class=\"portfolio-cards-projlink\" target=\"_blank\" rel=\"noopener\"><h4  class=\"portfolio-cards-projtitle\">Sd\u00edlen\u00ed obrazovky Android<\/h4><\/a> <\/div> <\/div> <\/div> <\/div><div  class=\"portfolio-cards-projectcol cp6cols-tablet cp2cols\"> <div  class=\"portfolio-cards-projectcard\"> <div  class=\"contentswap-effect ContentSwap104\" hover-fx=\"ContentSwap104\" id=\"ContentSwap104\" is-hovered=\"0\"> <div  class=\"ContentSwap104_content initial-image\"><img  decoding=\"async\" class=\"portfolio-cards-projectimg\" data-size=\"1200x800\" src=\"https:\/\/zamestnanec.sos-gs.cz\/wp-content\/uploads\/2024\/08\/cropped-ikony1-2.png\"> <\/div> <div  class=\"overlay\" style=\"display: block; opacity: 1;\"><\/div> <div  class=\"swap-inner\" style=\"opacity: 1; display: block;\"> <div  class=\"ContentSwap104-center\"> <a  href=\"https:\/\/forms.office.com\" target=\"_blank\" rel=\"noopener\" class=\"\"><i  data-cp-fa=\"true\" class=\"portfolio-card-icon fa fa-mouse-pointer\"><\/i><\/a> <\/div> <\/div> <\/div> <div  class=\"portfolio-cards-projectinfo\"> <div  class=\"portfolio-cards-projnamecol\" data-type=\"column\"> <a  href=\"https:\/\/forms.office.com\" class=\"portfolio-cards-projlink\" target=\"_blank\" rel=\"noopener\"><h4  class=\"portfolio-cards-projtitle\">Formul\u00e1\u0159e (testy, dotazn\u00edky)<\/h4><\/a> <\/div> <\/div> <\/div> <\/div><div  class=\"portfolio-cards-projectcol cp6cols-tablet cp2cols\"> <div  class=\"portfolio-cards-projectcard\"> <div  class=\"contentswap-effect ContentSwap104\" hover-fx=\"ContentSwap104\" id=\"ContentSwap104\" is-hovered=\"0\"> <div  class=\"ContentSwap104_content initial-image\"><img  decoding=\"async\" class=\"portfolio-cards-projectimg\" data-size=\"1200x800\" src=\"https:\/\/zamestnanec.sos-gs.cz\/wp-content\/uploads\/2024\/08\/cropped-ikony1-1.png\"> <\/div> <div  class=\"overlay\" style=\"display: block; opacity: 1;\"><\/div> <div  class=\"swap-inner\" style=\"opacity: 1; display: block;\"> <div  class=\"ContentSwap104-center\"> <a  href=\"https:\/\/kahoot.com\" target=\"_blank\" rel=\"noopener\" class=\"\"><i  data-cp-fa=\"true\" class=\"portfolio-card-icon fa fa-mouse-pointer\"><\/i><\/a> <\/div> <\/div> <\/div> <div  class=\"portfolio-cards-projectinfo\"> <div  class=\"portfolio-cards-projnamecol\" data-type=\"column\"> <a  href=\"https:\/\/kahoot.com\" class=\"portfolio-cards-projlink\" target=\"_blank\" rel=\"noopener\"><h4  class=\"portfolio-cards-projtitle\">Kahoot<\/h4><\/a> <\/div> <\/div> <\/div> <\/div><div  class=\"portfolio-cards-projectcol cp6cols-tablet cp2cols\"> <div  class=\"portfolio-cards-projectcard\"> <div  class=\"contentswap-effect ContentSwap104\" hover-fx=\"ContentSwap104\" id=\"ContentSwap104\" is-hovered=\"0\"> <div  class=\"ContentSwap104_content initial-image\"><img  decoding=\"async\" class=\"portfolio-cards-projectimg\" data-size=\"1200x800\" src=\"https:\/\/zamestnanec.sos-gs.cz\/wp-content\/uploads\/2024\/10\/cropped-ikony1-3.png\"> <\/div> <div  class=\"overlay\" style=\"display: block; opacity: 1;\"><\/div> <div  class=\"swap-inner\" style=\"opacity: 1; display: block;\"> <div  class=\"ContentSwap104-center\"> <a  href=\"https:\/\/www.canva.com\" target=\"_blank\" rel=\"noopener\" class=\"\"><i  data-cp-fa=\"true\" class=\"portfolio-card-icon fa fa-mouse-pointer\"><\/i><\/a> <\/div> <\/div> <\/div> <div  class=\"portfolio-cards-projectinfo\"> <div  class=\"portfolio-cards-projnamecol\" data-type=\"column\"> <a  href=\"https:\/\/www.canva.com\" class=\"portfolio-cards-projlink\" target=\"_blank\" rel=\"noopener\"><h4  class=\"portfolio-cards-projtitle\">Canva<\/h4><\/a> <\/div> <\/div> <\/div> <\/div><div  class=\"portfolio-cards-projectcol cp6cols-tablet cp2cols\"> <div  class=\"portfolio-cards-projectcard\"> <div  class=\"contentswap-effect ContentSwap104\" hover-fx=\"ContentSwap104\" id=\"ContentSwap104\" is-hovered=\"0\"> <div  class=\"ContentSwap104_content initial-image\"><img  decoding=\"async\" class=\"portfolio-cards-projectimg\" data-size=\"1200x800\" src=\"http:\/\/zamestnanec.sos-gs.cz\/wp-content\/uploads\/2024\/11\/cropped-ikony1-30.png\"> <\/div> <div  class=\"overlay\" style=\"display: block; opacity: 1;\"><\/div> <div  class=\"swap-inner\" style=\"opacity: 1; display: block;\"> <div  class=\"ContentSwap104-center\"> <a  href=\"https:\/\/sciobot.cz\" target=\"_blank\" rel=\"noopener\" class=\"\"><i  data-cp-fa=\"true\" class=\"portfolio-card-icon fa fa-mouse-pointer\"><\/i><\/a> <\/div> <\/div> <\/div> <div  class=\"portfolio-cards-projectinfo\"> <div  class=\"portfolio-cards-projnamecol\" data-type=\"column\"> <a  href=\"https:\/\/sciobot.cz\" class=\"portfolio-cards-projlink\" target=\"_blank\" rel=\"noopener\"><h4  class=\"portfolio-cards-projtitle\">ScioBot<\/h4><\/a> <\/div> <\/div> <\/div> <\/div><div  class=\"portfolio-cards-projectcol cp6cols-tablet cp2cols\"> <div  class=\"portfolio-cards-projectcard\"> <div  class=\"contentswap-effect ContentSwap104\" hover-fx=\"ContentSwap104\" id=\"ContentSwap104\" is-hovered=\"0\"> <div  class=\"ContentSwap104_content initial-image\"><img  decoding=\"async\" class=\"portfolio-cards-projectimg\" data-size=\"1200x800\" src=\"http:\/\/zamestnanec.sos-gs.cz\/wp-content\/uploads\/2025\/03\/cropped-ikony-kniha.png\"> <\/div> <div  class=\"overlay\" style=\"display: block; opacity: 1;\"><\/div> <div  class=\"swap-inner\" style=\"opacity: 1; display: block;\"> <div  class=\"ContentSwap104-center\"> <a  href=\"https:\/\/forms.office.com\/e\/iwsyQ25DC9\" target=\"_blank\" rel=\"noopener\" class=\"\"><i  data-cp-fa=\"true\" class=\"portfolio-card-icon fa fa-mouse-pointer\"><\/i><\/a> <\/div> <\/div> <\/div> <div  class=\"portfolio-cards-projectinfo\"> <div  class=\"portfolio-cards-projnamecol\" data-type=\"column\"> <a  href=\"https:\/\/forms.office.com\/e\/iwsyQ25DC9\" class=\"portfolio-cards-projlink\" target=\"_blank\" rel=\"noopener\"><h4  class=\"portfolio-cards-projtitle\">Z\u00e1pis do knihy n\u00e1v\u0161t\u011bv<\/h4><\/a> <\/div> <\/div> <\/div> <\/div><\/div> <\/div><\/div><div  data-label=\"Navody\" data-id=\"features-small-icon-cards-section\" data-category=\"features\" class=\"features-small-icon-cards-section\" id=\"navody\" style=\"background-color: rgb(255, 255, 255);\"> <div  class=\"gridContainer\"> <div  class=\"features-small-icon-cards-textrow\"> <div  class=\"features-small-icon-cards-textcol dynamic-color\" data-type=\"column\"> <h2  class=\"\">N\u00e1vody<\/h2>  <p  class=\"\">N\u00e1vody na nastaven\u00ed a ovl\u00e1d\u00e1n\u00ed \u0161koln\u00edch aplikac\u00ed a slu\u017eeb je mo\u017en\u00e9 st\u00e1hnout v PDF n\u00ed\u017ee.\n<br >N\u00e1vody budou pravideln\u011b aktualizov\u00e1ny.<\/p><\/div> <\/div> <div  class=\"features-small-icon-cards-featuresrow dark-text\" data-type=\"row\">       <div  class=\"features-small-icon-cards-featcol cp12cols\"> <div  class=\"features-small-icon-cards-featinnerrow\"> <div  class=\"features-small-icon-cards-iconcol\"> <i  data-cp-fa=\"true\" class=\"font-icon-23 fa fa-file-pdf-o\"><\/i> <\/div> <div  class=\"features-small-icon-cards-feattextcol\" data-type=\"column\"> <h4  class=\"\">Aktu\u00e1ln\u00ed seznam skupin (pro Teams a e-mail)<\/h4>  <a  class=\"button blue\" href=\"https:\/\/zamestnanec.sos-gs.cz\/navody\/Skupinov%C3%A9%20e-mailov%C3%A9%20adresy.pdf\" target=\"_self\" rel=\"noopener\">St\u00e1hnout<\/a><\/div> <\/div> <\/div><div  class=\"features-small-icon-cards-featcol cp12cols\"> <div  class=\"features-small-icon-cards-featinnerrow\"> <div  class=\"features-small-icon-cards-iconcol\"> <i  data-cp-fa=\"true\" class=\"font-icon-23 fa fa-file-pdf-o\"><\/i> <\/div> <div  class=\"features-small-icon-cards-feattextcol\" data-type=\"column\"> <h4  class=\"\">Z\u00e1kladn\u00ed nastaven\u00ed a princip fungov\u00e1n\u00ed aplikace Teams<\/h4>  <a  class=\"button blue\" href=\"https:\/\/zamestnanec.sos-gs.cz\/navody\/Microsoft%20Teams\/Z%C3%A1kladn%C3%AD%20nastaven%C3%AD%20aplikace%20Teams.pdf\" target=\"_self\" rel=\"noopener\">Z\u00e1kladn\u00ed nastaven\u00ed<\/a><a  class=\"button blue\" href=\"https:\/\/zamestnanec.sos-gs.cz\/navody\/Microsoft%20Teams\/Z%C3%A1kladn%C3%AD%20princip%20fungov%C3%A1n%C3%AD%20aplikace%20Teams.pdf\" target=\"_blank\">Princip fungov\u00e1n\u00ed<\/a><\/div> <\/div> <\/div><div  class=\"features-small-icon-cards-featcol cp12cols\"> <div  class=\"features-small-icon-cards-featinnerrow\"> <div  class=\"features-small-icon-cards-iconcol\"> <i  data-cp-fa=\"true\" class=\"font-icon-23 fa fa-file-pdf-o\"><\/i> <\/div> <div  class=\"features-small-icon-cards-feattextcol\" data-type=\"column\"> <h4  class=\"\">P\u0159ipojen\u00ed na \u0161koln\u00ed Wi-Fi<\/h4>  <a  class=\"button blue\" href=\"https:\/\/zamestnanec.sos-gs.cz\/navody\/P%C5%99ipojen%C3%AD%20na%20Wi-Fi.pdf\" target=\"_self\" rel=\"noopener\">St\u00e1hnout<\/a><\/div> <\/div> <\/div><div  class=\"features-small-icon-cards-featcol cp12cols\"> <div  class=\"features-small-icon-cards-featinnerrow\"> <div  class=\"features-small-icon-cards-iconcol\"> <i  data-cp-fa=\"true\" class=\"font-icon-23 fa fa-file-pdf-o\"><\/i> <\/div> <div  class=\"features-small-icon-cards-feattextcol\" data-type=\"column\"> <h4  class=\"\">Sta\u017een\u00ed a instalace bal\u00ed\u010dku Office 365 zdarma (Word, Excel, PowerPoint, Outlook, Teams, \u2026)<\/h4>  <a  class=\"button blue\" href=\"https:\/\/zamestnanec.sos-gs.cz\/navody\/Sta%C5%BEen%C3%AD%20a%20instalace%20Office%20365.pdf\" target=\"_self\" rel=\"noopener\">St\u00e1hnout<\/a><\/div> <\/div> <\/div><div  class=\"features-small-icon-cards-featcol cp12cols\"> <div  class=\"features-small-icon-cards-featinnerrow\"> <div  class=\"features-small-icon-cards-iconcol\"> <i  data-cp-fa=\"true\" class=\"font-icon-23 fa fa-file-pdf-o\"><\/i> <\/div> <div  class=\"features-small-icon-cards-feattextcol\" data-type=\"column\"> <h4  class=\"\">P\u0159epnut\u00ed reproduktor\u016f v PC<\/h4>  <a  class=\"button blue\" href=\"https:\/\/zamestnanec.sos-gs.cz\/navody\/P%C5%99epnut%C3%AD%20reproduktor%C5%AF%20v%20PC.pdf\" target=\"_self\" rel=\"noopener\">St\u00e1hnout<\/a><\/div> <\/div> <\/div><div  class=\"features-small-icon-cards-featcol cp12cols\"> <div  class=\"features-small-icon-cards-featinnerrow\"> <div  class=\"features-small-icon-cards-iconcol\"> <i  data-cp-fa=\"true\" class=\"font-icon-23 fa fa-file-pdf-o\"><\/i> <\/div> <div  class=\"features-small-icon-cards-feattextcol\" data-type=\"column\"> <h4  class=\"\">Tisk pl\u00e1nu akc\u00ed<\/h4>  <a  class=\"button blue\" href=\"https:\/\/zamestnanec.sos-gs.cz\/navody\/Tisk%20pl%C3%A1nu%20akc%C3%AD.pdf\" target=\"_self\" rel=\"noopener\">St\u00e1hnout<\/a><\/div> <\/div> <\/div><div  class=\"features-small-icon-cards-featcol cp12cols\"> <div  class=\"features-small-icon-cards-featinnerrow\"> <div  class=\"features-small-icon-cards-iconcol\"> <i  data-cp-fa=\"true\" class=\"font-icon-23 fa fa-file-pdf-o\"><\/i> <\/div> <div  class=\"features-small-icon-cards-feattextcol\" data-type=\"column\"> <h4  class=\"\">Pou\u017e\u00edv\u00e1n\u00ed OneDrive, ukl\u00e1d\u00e1n\u00ed soubor\u016f na OneDrive<\/h4>  <a  class=\"button blue\" href=\"https:\/\/zamestnanec.sos-gs.cz\/navody\/OneDrive.pdf\" target=\"_self\" rel=\"noopener\">St\u00e1hnout<\/a><\/div> <\/div> <\/div><div  class=\"features-small-icon-cards-featcol cp12cols\"> <div  class=\"features-small-icon-cards-featinnerrow\"> <div  class=\"features-small-icon-cards-iconcol\"> <i  data-cp-fa=\"true\" class=\"font-icon-23 fa fa-file-pdf-o\"><\/i> <\/div> <div  class=\"features-small-icon-cards-feattextcol\" data-type=\"column\"> <h4  class=\"\">Ovl\u00e1d\u00e1n\u00ed tisk\u00e1rny Canon (kabinety)<\/h4>  <a  class=\"button blue\" href=\"https:\/\/zamestnanec.sos-gs.cz\/navody\/Ovl%C3%A1d%C3%A1n%C3%AD%20tisk%C3%A1rny%20Canon.pdf\" target=\"_self\" rel=\"noopener\">St\u00e1hnout<\/a><\/div> <\/div> <\/div><div  class=\"features-small-icon-cards-featcol cp12cols\"> <div  class=\"features-small-icon-cards-featinnerrow\"> <div  class=\"features-small-icon-cards-iconcol\"> <i  data-cp-fa=\"true\" class=\"font-icon-23 fa fa-file-pdf-o\"><\/i> <\/div> <div  class=\"features-small-icon-cards-feattextcol\" data-type=\"column\"> <h4  class=\"\">\u0160VP SMILE<\/h4>  <a  class=\"button blue\" href=\"https:\/\/zamestnanec.sos-gs.cz\/navody\/Smile\/U%C5%BEivatelsk%C3%BD%20manu%C3%A1l.pdf\" target=\"_self\" rel=\"noopener\">St\u00e1hnout<\/a><\/div> <\/div> <\/div><div  class=\"features-small-icon-cards-featcol cp12cols\"> <div  class=\"features-small-icon-cards-featinnerrow\"> <div  class=\"features-small-icon-cards-iconcol\"> <i  data-cp-fa=\"true\" class=\"font-icon-23 fa fa-file-pdf-o\"><\/i> <\/div> <div  class=\"features-small-icon-cards-feattextcol\" data-type=\"column\"> <h4  class=\"\">Tisk a ovl\u00e1d\u00e1n\u00ed \u2013 velk\u00e9 tisk\u00e1rny \u2013 chodba B, u\u010debna F6<\/h4>  <a  class=\"button blue\" href=\"https:\/\/zamestnanec.sos-gs.cz\/navody\/Plak%C3%A1t%20-%20nov%C3%A9%20tisk%C3%A1rny.pdf\" target=\"_self\" rel=\"noopener\">ST\u00c1HNOUT: Informace a tisk<\/a><a  class=\"button blue\" href=\"https:\/\/zamestnanec.sos-gs.cz\/navody\/Plak%C3%A1t%20-%20z%C3%A1kladn%C3%AD%20ovl%C3%A1d%C3%A1n%C3%AD%20velk%C3%BDch%20tisk%C3%A1ren.pdf\" target=\"_blank\">St\u00e1hnout: Z\u00e1kladn\u00ed ovl\u00e1d\u00e1n\u00ed tisk\u00e1ren<\/a><\/div> <\/div> <\/div><div  class=\"features-small-icon-cards-featcol cp12cols\"> <div  class=\"features-small-icon-cards-featinnerrow\"> <div  class=\"features-small-icon-cards-iconcol\"> <i  data-cp-fa=\"true\" class=\"font-icon-23 fa fa-file-pdf-o\"><\/i> <\/div> <div  class=\"features-small-icon-cards-feattextcol\" data-type=\"column\"> <h4  class=\"\">Ovl\u00e1d\u00e1n\u00ed telefon\u016f pro pevnou linku<\/h4>  <a  class=\"button blue\" href=\"https:\/\/zamestnanec.sos-gs.cz\/navody\/N%C3%A1vod%20-%20dr%C3%A1tov%C3%BD%20telefon.pdf\" target=\"_self\" rel=\"noopener\">Dr\u00e1tov\u00fd telefon<\/a><a  class=\"button blue\" href=\"https:\/\/zamestnanec.sos-gs.cz\/navody\/N%C3%A1vod%20-%20bezdr%C3%A1tov%C3%BD%20telefon.pdf\" target=\"_self\">Bezdr\u00e1tov\u00fd telefon<\/a><\/div> <\/div> <\/div><\/div> <\/div><\/div>","protected":false},"excerpt":{"rendered":"<p>\u0160koln\u00ed aplikace Bakal\u00e1\u0159i \u2013 webov\u00e1 aplikace Outlook \u2013 \u0161koln\u00ed e-mail Port\u00e1l Office 365 Microsoft Teams \u0160koln\u00ed Google disk Copilot \u2013 um\u011bl\u00e1 inteligence MyQ \u2013 dob\u00edjen\u00ed a p\u0159ehled tisku Aplikace z\u00e1v\u011bre\u010dn\u00e9 zkou\u0161ky Sd\u00edlen\u00ed obrazovky Android Formul\u00e1\u0159e (testy, dotazn\u00edky) Kahoot Canva ScioBot Z\u00e1pis do knihy n\u00e1v\u0161t\u011bv N\u00e1vody N\u00e1vody na nastaven\u00ed a ovl\u00e1d\u00e1n\u00ed \u0161koln\u00edch aplikac\u00ed a slu\u017eeb je&hellip; <br \/> <a class=\"button small blue\" href=\"https:\/\/zamestnanec.sos-gs.cz\/\">Read more<\/a><\/p>\n","protected":false},"author":1,"featured_media":0,"parent":0,"menu_order":0,"comment_status":"closed","ping_status":"closed","template":"","meta":{"footnotes":""},"class_list":["post-7","page","type-page","status-publish","hentry"],"_links":{"self":[{"href":"https:\/\/zamestnanec.sos-gs.cz\/index.php\/wp-json\/wp\/v2\/pages\/7","targetHints":{"allow":["GET"]}}],"collection":[{"href":"https:\/\/zamestnanec.sos-gs.cz\/index.php\/wp-json\/wp\/v2\/pages"}],"about":[{"href":"https:\/\/zamestnanec.sos-gs.cz\/index.php\/wp-json\/wp\/v2\/types\/page"}],"author":[{"embeddable":true,"href":"https:\/\/zamestnanec.sos-gs.cz\/index.php\/wp-json\/wp\/v2\/users\/1"}],"replies":[{"embeddable":true,"href":"https:\/\/zamestnanec.sos-gs.cz\/index.php\/wp-json\/wp\/v2\/comments?post=7"}],"version-history":[{"count":45,"href":"https:\/\/zamestnanec.sos-gs.cz\/index.php\/wp-json\/wp\/v2\/pages\/7\/revisions"}],"predecessor-version":[{"id":230,"href":"https:\/\/zamestnanec.sos-gs.cz\/index.php\/wp-json\/wp\/v2\/pages\/7\/revisions\/230"}],"wp:attachment":[{"href":"https:\/\/zamestnanec.sos-gs.cz\/index.php\/wp-json\/wp\/v2\/media?parent=7"}],"curies":[{"name":"wp","href":"https:\/\/api.w.org\/{rel}","templated":true}]}}